{"id":628,"date":"2009-05-06T11:43:24","date_gmt":"2009-05-06T16:43:24","guid":{"rendered":"http:\/\/wpzoom.com\/zenko\/demo\/?page_id=3"},"modified":"2022-05-30T14:45:59","modified_gmt":"2022-05-30T14:45:59","slug":"eskaerak","status":"publish","type":"page","link":"https:\/\/www.amalarre.bio\/es\/eskaerak\/","title":{"rendered":"PEDIDOS"},"content":{"rendered":"<p>Si est\u00e1 interesado en alguno de nuestros productos, p\u00f3ngase en contacto rellenando el formulario o mediante Whatsapp. Una vez el producto que solicita est\u00e9 disponible nos pondremos en contacto con usted para inf\u00f3rmale cuando recibir\u00e1 su pedido.<\/p>\n<p>El pago se realizar\u00e1 despu\u00e9s de recibir el pedido, mediante transferencia bancaria.<\/p>\n\t<h3>P\u00f3ngase en contacto con nostros<\/h3>\n<h3>en este n\u00famero de tel\u00e9fono usando whatsapp<\/h3>\n<p><a href=\"https:\/\/api.whatsapp.com\/send?phone=34618328494\" target=\"_blank\" rel=\"noopener\"><img loading=\"lazy\" title=\"whatsapp amaiur.bio\" src=\"http:\/\/www.amalarre.bio\/wp-content\/uploads\/2020\/05\/whatsapp-300x83.png\" alt=\"\" width=\"300\" height=\"83\" \/><\/a><\/p>\n<h3>o rellenado el siguiente formulario<\/h3>\n\t<div style=\"display:none\" class=\"fm-form-container fm-theme13\"><div id=\"fm-pages7\" class=\"fm-pages wdform_page_navigation\" show_title=\"\" show_numbers=\"1\" type=\"none\"><\/div><form name=\"form7\" action=\"\/wp-json\/wp\/v2\/pages\/628\" method=\"post\" id=\"form7\" class=\"fm-form form7\" enctype=\"multipart\/form-data\" data-trp-original-action=\"\/es\/wp-json\/wp\/v2\/pages\/628\"><input type=\"hidden\" id=\"fm_page_id7\" value=\"628\" name=\"fm_page_id7\" \/><input type=\"hidden\" id=\"fm_current_post_type7\" value=\"page\" name=\"fm_current_post_type7\" \/><input type=\"hidden\" id=\"counter7\" value=\"13\" name=\"counter7\" \/><input type=\"hidden\" id=\"Itemid7\" value=\"\" name=\"Itemid7\" \/><input type=\"hidden\" id=\"fm_shake7\" value=\"1\" name=\"fm_shake7\" \/><input type=\"text\" class=\"fm-hide\" id=\"fm_empty_field_validation7\" value=\"\" name=\"fm_empty_field_validation7\" data-value=\"bd736efb144d599cf463541431fbf5c4\" \/><div class=\"wdform-page-and-images fm-form-builder\"><div id=\"7form_view1\" class=\"wdform_page\" page_title=\"Untitled page\" next_title=\"Next\" next_type=\"text\" next_class=\"wdform-page-button\" next_checkable=\"true\" previous_title=\"Previous\" previous_type=\"text\" previous_class=\"wdform-page-button\" previous_checkable=\"false\"><div class=\"wdform_section\"><div class=\"wdform_column\"><div wdid=\"2\" class=\"wdform_row\" style=\"position: relative; left: 0px; top: 0px;\"><div type=\"type_text\" class=\"wdform-field wd-width-100 wd-flex wd-flex-column fm-type_text\" ><div class=\"wdform-label-section wd-width-100  wd-flex-row wd-align-items-center\">    <label  for=\"wdform_2_element7\" class=\"wdform-label\">NOMBRE Y APELLIDOS<\/label><span class=\"wdform-required\">*<\/span><\/div><div class=\"wdform-element-section wd-flex  wd-flex-row wd-align-items-center wd-width-100\" ><input type=\"text\"                           class=\"wd-width-100\"                           id=\"wdform_2_element7\"                           name=\"wdform_2_element7\"                           value=\"\"                           data-value=\"\"                           title=\"\"                           placeholder=\"\"                                                       \/><\/div><\/div><\/div><\/div><div class=\"wdform_column\"><div wdid=\"3\" class=\"wdform_row\"><div type=\"type_text\" class=\"wdform-field wd-width-100 wd-flex wd-flex-column fm-type_text\" ><div class=\"wdform-label-section wd-width-100  wd-flex-row wd-align-items-center\">    <label  for=\"wdform_3_element7\" class=\"wdform-label\">DIRECCION<\/label><\/div><div class=\"wdform-element-section wd-flex  wd-flex-row wd-align-items-center wd-width-100\" ><input type=\"text\"                           class=\"wd-width-100\"                           id=\"wdform_3_element7\"                           name=\"wdform_3_element7\"                           value=\"\"                           data-value=\"\"                           title=\"\"                           placeholder=\"\"                                                       \/><\/div><\/div><\/div><\/div><div class=\"wdform_column\"><div wdid=\"4\" class=\"wdform_row\"><div type=\"type_text\" class=\"wdform-field wd-width-100 wd-flex wd-flex-column fm-type_text\" ><div class=\"wdform-label-section wd-width-100  wd-flex-row wd-align-items-center\">    <label  for=\"wdform_4_element7\" class=\"wdform-label\">TELEFONO<\/label><span class=\"wdform-required\">*<\/span><\/div><div class=\"wdform-element-section wd-flex  wd-flex-row wd-align-items-center wd-width-100\" ><input type=\"text\"                           class=\"wd-width-100\"                           id=\"wdform_4_element7\"                           name=\"wdform_4_element7\"                           value=\"\"                           data-value=\"\"                           title=\"\"                           placeholder=\"\"                                                       \/><\/div><\/div><\/div><div wdid=\"5\" class=\"wdform_row\" style=\"position: relative; left: 0px; top: 0px;\"><div type=\"type_submitter_mail\" class=\"wdform-field wd-width-100 wd-flex wd-flex-column fm-type_submitter_mail\" ><div class=\"wdform-label-section wd-width-100  wd-flex-row\">    <label  for=\"wdform_5_element7\" class=\"wdform-label\">Email<\/label><span class=\"wdform-required\">*<\/span><\/div><div class=\"wdform-element-section wd-flex  wd-flex-row wd-width-100\" ><input type=\"text\" class=\"wd-width-100\" id=\"wdform_5_element7\" name=\"wdform_5_element7\" data-value=\"\" value=\"\" title=\"\" placeholder=\"\"   onchange=\"wd_check_email('5', '7', 'Esto no es una direcci\u00f3n v\u00e1lida de email')\" \/><\/div><\/div><\/div><\/div><div class=\"wdform_column\"><div wdid=\"9\" class=\"wdform_row\"><div type=\"type_radio\" class=\"wdform-field wd-width-100 wd-flex wd-flex-column fm-type_radio\" ><div class=\"wdform-label-section wd-width-100  wd-flex-wrap wd-flex-column\">    <label  class=\"wdform-label\">QUE PRODUCTO LE INTERESA?<\/label><span class=\"wdform-required\">*<\/span><\/div><div class=\"wdform-element-section wd-flex  wd-flex-wrap wd-flex-column wd-width-100\" ><div class=\"wd-flex wd-flex-column\"><input type=\"hidden\" name=\"wdform_9_element7\" value=\"\" \/><div class=\"radio-div wd-choice wd-flex wd-flex-row\"><input type=\"radio\"  id=\"wdform_9_element70\" name=\"wdform_9_element7\" value=\"5Kg TXEKOR HARAGI SORTA\" onclick=\"set_default(&quot;wdform_9&quot;,&quot;0&quot;,&quot;7&quot;); \"   \/><label class=\"wd-align-items-center wd-flex wd-flex-row\" for=\"wdform_9_element70\"><span><\/span>LOTE 5Kg DE CARNE DE TERNERA<\/label><\/div><div class=\"radio-div wd-choice wd-flex wd-flex-row\"><input type=\"radio\"  id=\"wdform_9_element71\" name=\"wdform_9_element7\" value=\"TXEKOR ERDIA\" onclick=\"set_default(&quot;wdform_9&quot;,&quot;1&quot;,&quot;7&quot;); \"   \/><label class=\"wd-align-items-center wd-flex wd-flex-row\" for=\"wdform_9_element71\"><span><\/span>MEDIA TERNERA<\/label><\/div><div class=\"radio-div wd-choice wd-flex wd-flex-row\"><input type=\"radio\"  id=\"wdform_9_element72\" name=\"wdform_9_element7\" value=\"TXEKOR OSOA\" onclick=\"set_default(&quot;wdform_9&quot;,&quot;2&quot;,&quot;7&quot;); \"   \/><label class=\"wd-align-items-center wd-flex wd-flex-row\" for=\"wdform_9_element72\"><span><\/span>TERNERA ENTERA<\/label><\/div><\/div><\/div><\/div><\/div><div wdid=\"12\" class=\"wdform_row\" style=\"position: relative; left: 0px; top: 0px;\"><div type=\"type_checkbox\" class=\"wdform-field wd-width-100 wd-flex wd-flex-column fm-type_checkbox\" ><div class=\"wdform-label-section wd-width-100  wd-flex-wrap wd-flex-column\">    <label  class=\"wdform-label\">DESEA COMPLETAR SU PEDIDO?<\/label><\/div><div class=\"wdform-element-section wd-flex  wd-flex-wrap wd-flex-column wd-width-100\" ><div class=\"wd-flex wd-flex-column\"><input type=\"hidden\" name=\"wdform_12_element7\" value=\"\" \/><div class=\"checkbox-div wd-choice wd-flex wd-flex-row\"><input type=\"checkbox\"  id=\"wdform_12_element70\" name=\"wdform_12_element70\" value=\"TOLOSAKO BABARRUNAK\"    \/><label class=\"wd-align-items-center wd-flex wd-flex-row\" for=\"wdform_12_element70\"><span><\/span>ALUBIA DE TOLOSA<\/label><\/div><div class=\"checkbox-div wd-choice wd-flex wd-flex-row\"><input type=\"checkbox\"  id=\"wdform_12_element71\" name=\"wdform_12_element71\" value=\"BASERRIKO ARRAULTZAK\"    \/><label class=\"wd-align-items-center wd-flex wd-flex-row\" for=\"wdform_12_element71\"><span><\/span>HUEVOS DE CASERIO<\/label><\/div><\/div><\/div><\/div><\/div><\/div><div class=\"wdform_column\"><div wdid=\"11\" class=\"wdform_row\"><div type=\"type_textarea\" class=\"wdform-field wd-width-100 wd-flex wd-flex-column fm-type_textarea\" ><div class=\"wdform-label-section wd-width-100\">    <label  for=\"wdform_11_element7\" class=\"wdform-label\">NOTAS O DUDAS<\/label><\/div><div class=\"wdform-element-section wd-flex  wd-width-100\" ><textarea class=\"wd-width-100\"                      id=\"wdform_11_element7\"                      name=\"wdform_11_element7\"                      placeholder=\"\"                      data-value=\"\"                      maxlength=\"\"                      style=\"height: 100px;\"                      ><\/textarea><\/div><\/div><\/div><\/div><div class=\"wdform_column\"><div wdid=\"1\" class=\"wdform_row\" style=\"position: relative; left: 0px; top: 0px;\"><div type=\"type_submit_reset\" class=\"wdform-field wd-width-100 wd-flex wd-flex-column fm-type_submit_reset\" ><div class=\"wdform-element-section wd-flex  wd-flex-row wd-justify-content-left wd-width-100\" ><button  type=\"button\" class=\"button-submit\" onclick=\"fm_submit_form('7');\"  data-ajax=\"0\"><span class=\"fm-submit-loading spinner fm-ico-spinner\"><\/span>ENVIAR<\/button><button  type=\"button\" class=\"button-reset\" onclick=\"fm_reset_form(7);\" >LIMPIAR<\/button><\/div><\/div><\/div><\/div><\/div><div valign=\"top\" class=\"wdform_footer wd-width-100\"><div class=\"wd-width-100\"><div class=\"wd-width-100 wd-table\" style=\"padding-top:10px;\"><div class=\"wd-table-group\"><div id=\"7page_nav1\" class=\"wd-table-row\"><\/div><\/div><\/div><\/div><\/div><\/div><\/div><div class=\"wdform_preload\"><\/div><input type=\"hidden\" name=\"fm-current-page\" value=\"https:\/\/www.amalarre.bio\/es\/wp-json\/wp\/v2\/pages\/628\" \/><input type=\"hidden\" name=\"trp-form-language\" value=\"es\"\/><\/form><\/div>\n\t<p>Gure produktuak zure etxean izango dituzu ontziratuak izan direnetik 24 &#8211; 48 ordu igaro baino lehen. Une oro hotz katea errespetatuz. Gure banaketa kateak, produktuak\u00a0 2 eta 8 gradu arteko tenperaturan izango direla bermatzen du.<\/p>","protected":false},"excerpt":{"rendered":"<p>Gure produktu edo lote bat eskuratzeko interesa izanez gero, bete ondorengo formularioa edo jarri gurekin harremanetan WhatsApp bidez beheko zenbakian. Zuk eskatutako produktua eskuragarri dagoela ziurtatutakoan zurekin harremanetan jarriko gara eskaria noiz jasoko duzun jakinarazteko. Ordainketa eskaria jaso ondoren egingo da, transferentzia bidez. Jarri gurekin harremanetan whatsapp bidez hurrengo zenbakia [&hellip;]<\/p>","protected":false},"author":1,"featured_media":0,"parent":0,"menu_order":0,"comment_status":"closed","ping_status":"closed","template":"","meta":[],"_links":{"self":[{"href":"https:\/\/www.amalarre.bio\/es\/wp-json\/wp\/v2\/pages\/628"}],"collection":[{"href":"https:\/\/www.amalarre.bio\/es\/wp-json\/wp\/v2\/pages"}],"about":[{"href":"https:\/\/www.amalarre.bio\/es\/wp-json\/wp\/v2\/types\/page"}],"author":[{"embeddable":true,"href":"https:\/\/www.amalarre.bio\/es\/wp-json\/wp\/v2\/users\/1"}],"replies":[{"embeddable":true,"href":"https:\/\/www.amalarre.bio\/es\/wp-json\/wp\/v2\/comments?post=628"}],"version-history":[{"count":39,"href":"https:\/\/www.amalarre.bio\/es\/wp-json\/wp\/v2\/pages\/628\/revisions"}],"predecessor-version":[{"id":6799,"href":"https:\/\/www.amalarre.bio\/es\/wp-json\/wp\/v2\/pages\/628\/revisions\/6799"}],"wp:attachment":[{"href":"https:\/\/www.amalarre.bio\/es\/wp-json\/wp\/v2\/media?parent=628"}],"curies":[{"name":"wp","href":"https:\/\/api.w.org\/{rel}","templated":true}]}}