{"id":4823,"date":"2014-06-12T14:12:45","date_gmt":"2014-06-12T14:12:45","guid":{"rendered":"http:\/\/demo.wpzoom.com\/diamond\/?page_id=4823"},"modified":"2025-02-05T14:46:04","modified_gmt":"2025-02-05T14:46:04","slug":"homepage-2","status":"publish","type":"page","link":"https:\/\/www.amalarre.bio\/es\/","title":{"rendered":"INICIO"},"content":{"rendered":"<h3>\n\t\t\t\t\tDenis L\u00f3pez\n\t\t\t\t<\/h3>\n\t<br>\n<img loading=\"lazy\" src=\"https:\/\/www.amalarre.bio\/wp-content\/uploads\/2022\/05\/behia-vaca-carne-pasto-carne-ecologica-haragi-ekologikoa-bio-angus-galloway-gipuzkoa-guipuzcoa-denis-amalarre.jpg\" alt=\"\" width=\"350\" height=\"233\">&#8220;2005ean Galloway arrazako 6 behi erosi nituen bi helburu asetzeko asmoz: bata zaletasuna eta bestea etxerako produktu seguru bat ziurtatzea, zer jaten genuen jakin ahal izateko. Txikitatik baserriarekin zerikusia duen bizimodu bat izatearekin amestu dut eta behi arraza honekin izandako esperientzia paregabeak, abelzaintza eredu honetan barneratzera bultzatu nau. Gauzak modu hobean egin daitezkeela uste bait dut&#8221;\n\t<h2>\n\t\t\t\t\tGalloway &amp; Aberdeen Angus \n\t\t\t\t<\/h2>\n\t<p>Somos una peque\u00f1a ganader\u00eda familiar de Bidania-Goiatz (Gipuzkoa), dedicada principalmente a la venta directa de carne natural. Criamos nuestras vacas de la raza Galloway y Aberdeen Angus en libertad, aliment\u00e1ndolas \u00fanicamente con hierba, ofreciendo as\u00ed un producto sano y respetable con la vida animal y el entorno. <\/p>\n\t\t\t<a href=\"http:\/\/www.amalarre.bio\/es\/gure-behiak\/\" target=\"_self\" role=\"button\" rel=\"noopener\">\n\t\t\t\t\t\tNUESTRO GANADO\n\t\t<\/a>\n\t<h3>\n\t\t\t\t\tLAS VACAS PASTAN LIBRES DURANTE TODO EL A\u00d1O\n\t\t\t\t<\/h3>\n\t<p><em>Solo entran en la cuadra cuando el invierno es duro y no hay comida fuera y entonces tampoco comen pienso, solamente hierba seca, silo y forrajes producidos la mayor parte en el propio caser\u00edo.<\/em><\/p>\n\t\t\t<a href=\"http:\/\/www.amalarre.bio\/es\/larreko-haragia\/\" target=\"_self\" role=\"button\" rel=\"noopener\">\n\t\t\t\t\t\tC\u00d3MO CRIAMOS  NUESTRO GANADO\n\t\t<\/a>\n\t\t\t\t<img loading=\"lazy\" src=\"https:\/\/www.amalarre.bio\/wp-content\/uploads\/2022\/05\/tolosa-babarruna-tolosako-babarruna-alubia-tolosa-alubia-de-tolosa-baserria-caserio-eusko-label-gipuzkoa-guipuzcoa-amalarre-online.jpg\" alt=\"tolosa-babarruna-tolosako babarruna-alubia-tolosa-alubia de tolosa-baserria-caser\u00edo-eusko-label-gipuzkoa-guipuzcoa-amalarre-online\" itemprop=\"image\" height=\"1205\" width=\"1805\" title=\"tolosa-babarruna-tolosako babarruna-alubia-tolosa-alubia de tolosa-baserria-caser\u00edo-eusko-label-gipuzkoa-guipuzcoa-amalarre-online\" onerror=\"this.style.display='none'\">\n\t<h3>\n\t\t\t\t\tPRODUCTOS DE TEMPORADA\n\t\t\t\t<\/h3>\n\t<p>Fuimos pioneros a nivel estatal en la cr\u00eda de las Galloway, hemos ido aumentado el n\u00famero de ejemplares, adem\u00e1s de introducir tambi\u00e9n la raza Aberdeen Angus, que se adapta muy bien al entorno y a la forma de cr\u00eda. Adem\u00e1s de carne de pasto ecol\u00f3gica, tambi\u00e9n ofrecemos huevos de caser\u00edo (de gallinas criadas en libertad) y productos de temporada como la Alubia de Tolosa.<\/p>\n\t\t\t<a href=\"http:\/\/www.amalarre.bio\/es\/produktuak\/\" target=\"_self\" role=\"button\" rel=\"noopener\">\n\t\t\t\t\t\tPRODUCTOS\n\t\t<\/a>\n\t\t\t\t<img loading=\"lazy\" src=\"https:\/\/www.amalarre.bio\/wp-content\/uploads\/2022\/05\/behia-vaca-carne-pasto-carne-ecologica-haragi-ekologikoa-bio-angus-galloway-gipuzkoa-guipuzcoa-denis-amaiur-amalarre.jpg\" alt=\"behia-vaca-carne-pasto-carne-ecologica-haragi-ekologikoa-bio-angus-galloway-gipuzkoa-guipuzcoa-denis-amaiur-amalarre\" itemprop=\"image\" height=\"1205\" width=\"1805\" title=\"behia-vaca-carne-pasto-carne-ecologica-haragi-ekologikoa-bio-angus-galloway-gipuzkoa-guipuzcoa-denis-amaiur-amalarre\" onerror=\"this.style.display='none'\">\n\t\t\t\t<img loading=\"lazy\" src=\"https:\/\/www.amalarre.bio\/wp-content\/uploads\/2022\/05\/carne-pasto-carne-ecologica-haragi-ekologikoa-bio-amalarre-angus-galloway-gipuzkoa-guipuzcoa_bidania-goiatz.jpg\" alt=\"carne-pasto-carne-ecologica-haragi-ekologikoa-bio-amalarre-angus-galloway-gipuzkoa-guipuzcoa_bidania goiatz\" itemprop=\"image\" height=\"1205\" width=\"1805\" title=\"carne-pasto-carne-ecologica-haragi-ekologikoa-bio-amalarre-angus-galloway-gipuzkoa-guipuzcoa_bidania goiatz\" onerror=\"this.style.display='none'\">\n\t\t\t\t<img loading=\"lazy\" src=\"https:\/\/www.amalarre.bio\/wp-content\/uploads\/2022\/05\/carne-pasto-carne-ecologica-haragi-ekologikoa-bio-angus-amalarre-galloway-gipuzkoa-guipuzcoa_ikuilua.jpg\" alt=\"carne-pasto-carne-ecologica-haragi-ekologikoa-bio-angus-amalarre-galloway-gipuzkoa-guipuzcoa_ikuilua\" itemprop=\"image\" height=\"1149\" width=\"1721\" title=\"carne-pasto-carne-ecologica-haragi-ekologikoa-bio-angus-amalarre-galloway-gipuzkoa-guipuzcoa_ikuilua\" onerror=\"this.style.display='none'\">\n\t\t\t\t<img loading=\"lazy\" src=\"https:\/\/www.amalarre.bio\/wp-content\/uploads\/2022\/05\/behia-vaca-carne-pasto-carne-ecologica-haragi-ekologikoa-bio-angus-galloway-gipuzkoa-guipuzcoa-amalarre-txahala-ternero-ternera.jpg\" alt=\"behia-vaca-carne-pasto-carne-ecologica-haragi-ekologikoa-bio-angus-galloway-gipuzkoa-guipuzcoa-amalarre-txahala-ternero-ternera\" itemprop=\"image\" height=\"622\" width=\"933\" title=\"behia-vaca-carne-pasto-carne-ecologica-haragi-ekologikoa-bio-angus-galloway-gipuzkoa-guipuzcoa-amalarre-txahala-ternero-ternera\" onerror=\"this.style.display='none'\">\n\t<h3>\n\t\t\t\t\tEN EL CENTRO DE GIPUZKOA\n\t\t\t\t<\/h3>\n\t<p><em>Nuestros pastos se encuentran alrededor de nuestra cuadra donde  el ganado pace tranquilamente con vistas al monte Ernio<\/em><\/p>\n\t\t\t<a href=\"http:\/\/www.amalarre.bio\/es\/non-gaude\/\" target=\"_self\" role=\"button\" rel=\"noopener\">\n\t\t\t\t\t\tDONDE ESTAMOS\n\t\t<\/a>","protected":false},"excerpt":{"rendered":"<p>Denis L\u00f3pez &#8220;2005ean Galloway arrazako 6 behi erosi nituen bi helburu asetzeko asmoz: bata zaletasuna eta bestea etxerako produktu seguru bat ziurtatzea, zer jaten genuen jakin ahal izateko. Txikitatik baserriarekin zerikusia duen bizimodu bat izatearekin amestu dut eta behi arraza honekin izandako esperientzia paregabeak, abelzaintza eredu honetan barneratzera bultzatu nau. [&hellip;]<\/p>","protected":false},"author":1,"featured_media":6163,"parent":0,"menu_order":0,"comment_status":"closed","ping_status":"open","template":"page-templates\/homepage-builder-bb.php","meta":[],"_links":{"self":[{"href":"https:\/\/www.amalarre.bio\/es\/wp-json\/wp\/v2\/pages\/4823"}],"collection":[{"href":"https:\/\/www.amalarre.bio\/es\/wp-json\/wp\/v2\/pages"}],"about":[{"href":"https:\/\/www.amalarre.bio\/es\/wp-json\/wp\/v2\/types\/page"}],"author":[{"embeddable":true,"href":"https:\/\/www.amalarre.bio\/es\/wp-json\/wp\/v2\/users\/1"}],"replies":[{"embeddable":true,"href":"https:\/\/www.amalarre.bio\/es\/wp-json\/wp\/v2\/comments?post=4823"}],"version-history":[{"count":50,"href":"https:\/\/www.amalarre.bio\/es\/wp-json\/wp\/v2\/pages\/4823\/revisions"}],"predecessor-version":[{"id":6788,"href":"https:\/\/www.amalarre.bio\/es\/wp-json\/wp\/v2\/pages\/4823\/revisions\/6788"}],"wp:featuredmedia":[{"embeddable":true,"href":"https:\/\/www.amalarre.bio\/es\/wp-json\/wp\/v2\/media\/6163"}],"wp:attachment":[{"href":"https:\/\/www.amalarre.bio\/es\/wp-json\/wp\/v2\/media?parent=4823"}],"curies":[{"name":"wp","href":"https:\/\/api.w.org\/{rel}","templated":true}]}}